{"id":74,"date":"2024-10-01T17:01:28","date_gmt":"2024-10-01T15:01:28","guid":{"rendered":"https:\/\/calistudioweb.fr\/boutique\/?page_id=74"},"modified":"2024-10-01T17:17:28","modified_gmt":"2024-10-01T15:17:28","slug":"accueil","status":"publish","type":"page","link":"https:\/\/calistudioweb.fr\/boutique\/","title":{"rendered":"Accueil"},"content":{"rendered":"\t\t<div data-elementor-type=\"wp-post\" data-elementor-id=\"74\" class=\"elementor elementor-74\">\n\t\t\t\t<div class=\"elementor-element elementor-element-9e1b74a e-flex e-con-boxed e-con e-parent\" data-id=\"9e1b74a\" data-element_type=\"container\" data-e-type=\"container\" data-settings=\"{&quot;background_background&quot;:&quot;slideshow&quot;,&quot;background_slideshow_gallery&quot;:[{&quot;id&quot;:77,&quot;url&quot;:&quot;https:\\\/\\\/calistudioweb.fr\\\/boutique\\\/wp-content\\\/uploads\\\/2024\\\/10\\\/savon-caroussel-1.jpg&quot;},{&quot;id&quot;:78,&quot;url&quot;:&quot;https:\\\/\\\/calistudioweb.fr\\\/boutique\\\/wp-content\\\/uploads\\\/2024\\\/10\\\/Savon-caroussel-2.jpg&quot;},{&quot;id&quot;:79,&quot;url&quot;:&quot;https:\\\/\\\/calistudioweb.fr\\\/boutique\\\/wp-content\\\/uploads\\\/2024\\\/10\\\/savon-caroussel-3.jpg&quot;}],&quot;background_slideshow_loop&quot;:&quot;yes&quot;,&quot;background_slideshow_slide_duration&quot;:5000,&quot;background_slideshow_slide_transition&quot;:&quot;fade&quot;,&quot;background_slideshow_transition_duration&quot;:500}\">\n\t\t\t\t\t<div class=\"e-con-inner\">\n\t\t<div class=\"elementor-element elementor-element-cc0647e e-con-full e-flex e-con e-child\" data-id=\"cc0647e\" data-element_type=\"container\" data-e-type=\"container\">\n\t\t\t\t<div class=\"elementor-element elementor-element-9f3c048 elementor-widget elementor-widget-heading\" data-id=\"9f3c048\" data-element_type=\"widget\" data-e-type=\"widget\" data-widget_type=\"heading.default\">\n\t\t\t\t<div class=\"elementor-widget-container\">\n\t\t\t\t\t<h2 class=\"elementor-heading-title elementor-size-default\">OBIALICE, Savonnerie artisanale<\/h2>\t\t\t\t<\/div>\n\t\t\t\t<\/div>\n\t\t\t\t<div class=\"elementor-element elementor-element-781132b elementor-widget elementor-widget-heading\" data-id=\"781132b\" data-element_type=\"widget\" data-e-type=\"widget\" data-widget_type=\"heading.default\">\n\t\t\t\t<div class=\"elementor-widget-container\">\n\t\t\t\t\t<h2 class=\"elementor-heading-title elementor-size-default\">Savons &amp; cosm\u00e9tiques naturels fabriqu\u00e9s artisanalement en Occitanie\n<\/h2>\t\t\t\t<\/div>\n\t\t\t\t<\/div>\n\t\t\t\t<div class=\"elementor-element elementor-element-b94f366 elementor-widget elementor-widget-heading\" data-id=\"b94f366\" data-element_type=\"widget\" data-e-type=\"widget\" data-widget_type=\"heading.default\">\n\t\t\t\t<div class=\"elementor-widget-container\">\n\t\t\t\t\t<h2 class=\"elementor-heading-title elementor-size-default\">La nature au coeur de vous<\/h2>\t\t\t\t<\/div>\n\t\t\t\t<\/div>\n\t\t\t\t<div class=\"elementor-element elementor-element-f7cfb42 elementor-align-center elementor-widget elementor-widget-button\" data-id=\"f7cfb42\" data-element_type=\"widget\" data-e-type=\"widget\" data-widget_type=\"button.default\">\n\t\t\t\t<div class=\"elementor-widget-container\">\n\t\t\t\t\t\t\t\t\t<div class=\"elementor-button-wrapper\">\n\t\t\t\t\t<a class=\"elementor-button elementor-button-link elementor-size-sm\" href=\"https:\/\/calistudioweb.fr\/boutique\/shop\/\">\n\t\t\t\t\t\t<span class=\"elementor-button-content-wrapper\">\n\t\t\t\t\t\t\t\t\t<span class=\"elementor-button-text\">D\u00e9couvrez mes cosm\u00e9tiques<\/span>\n\t\t\t\t\t<\/span>\n\t\t\t\t\t<\/a>\n\t\t\t\t<\/div>\n\t\t\t\t\t\t\t\t<\/div>\n\t\t\t\t<\/div>\n\t\t\t\t<\/div>\n\t\t<div class=\"elementor-element elementor-element-16b6af2 e-con-full e-flex e-con e-child\" data-id=\"16b6af2\" data-element_type=\"container\" data-e-type=\"container\" data-settings=\"{&quot;background_background&quot;:&quot;classic&quot;}\">\n\t\t<div class=\"elementor-element elementor-element-0e2aa67 e-con-full e-flex e-con e-child\" data-id=\"0e2aa67\" data-element_type=\"container\" data-e-type=\"container\">\n\t\t\t\t<div class=\"elementor-element elementor-element-ccdf4ed elementor-widget elementor-widget-heading\" data-id=\"ccdf4ed\" data-element_type=\"widget\" data-e-type=\"widget\" data-widget_type=\"heading.default\">\n\t\t\t\t<div class=\"elementor-widget-container\">\n\t\t\t\t\t<h2 class=\"elementor-heading-title elementor-size-default\">Savons et shampoings saponifi\u00e9s \u00e0 froid, cosm\u00e9tiques naturels<\/h2>\t\t\t\t<\/div>\n\t\t\t\t<\/div>\n\t\t\t\t<div class=\"elementor-element elementor-element-431e0b8 elementor-widget elementor-widget-text-editor\" data-id=\"431e0b8\" data-element_type=\"widget\" data-e-type=\"widget\" data-widget_type=\"text-editor.default\">\n\t\t\t\t<div class=\"elementor-widget-container\">\n\t\t\t\t\t\t\t\t\t<p>A quelques kilom\u00e8tres de Montpellier , c&rsquo;est au c\u0153ur de Frontignan dans l&rsquo;H\u00e9rault, que je fabrique \u00e0 la main et le plus naturellement possible mes savons et shampoings.<br \/><br \/>J&rsquo;utilise pour cela la technique de la saponification \u00e0 froid qui est totalement artisanale et respectueuse des mati\u00e8res premi\u00e8res. Cette m\u00e9thode ne n\u00e9cessite pas de cuisson et permet d&rsquo;obtenir des savons surgras, naturellement riches en glyc\u00e9rine v\u00e9g\u00e9tale, tr\u00e8s doux pour la peau et totalement biod\u00e9gradables. Garantis sans huile de palme, sans parfum ni colorant de synth\u00e8se, et sans aucun produit issu de la p\u00e9trochimie. <br \/><br \/>Toutes mes recettes ont \u00e9t\u00e9 d\u00e9pos\u00e9es aupr\u00e8s du CPNP, le portail europ\u00e9en de la cosm\u00e9tique.<br \/><br \/><br \/>La cosm\u00e9tique peut \u00eatre simple et naturelle.<br \/><br \/>Alice, votre artisane savonni\u00e8re<\/p>\t\t\t\t\t\t\t\t<\/div>\n\t\t\t\t<\/div>\n\t\t\t\t<\/div>\n\t\t<div class=\"elementor-element elementor-element-df877d0 e-con-full e-flex e-con e-child\" data-id=\"df877d0\" data-element_type=\"container\" data-e-type=\"container\">\n\t\t\t\t<div class=\"elementor-element elementor-element-a3aaa61 elementor-widget elementor-widget-image\" data-id=\"a3aaa61\" data-element_type=\"widget\" data-e-type=\"widget\" data-widget_type=\"image.default\">\n\t\t\t\t<div class=\"elementor-widget-container\">\n\t\t\t\t\t\t\t\t\t\t\t\t\t\t\t<img fetchpriority=\"high\" decoding=\"async\" width=\"1024\" height=\"726\" src=\"https:\/\/calistudioweb.fr\/boutique\/wp-content\/uploads\/2024\/10\/Savonnerie-artisanale-Marche-2-1024x726.jpg\" class=\"attachment-large size-large wp-image-80\" alt=\"\" srcset=\"https:\/\/calistudioweb.fr\/boutique\/wp-content\/uploads\/2024\/10\/Savonnerie-artisanale-Marche-2-1024x726.jpg 1024w, https:\/\/calistudioweb.fr\/boutique\/wp-content\/uploads\/2024\/10\/Savonnerie-artisanale-Marche-2-300x213.jpg 300w, https:\/\/calistudioweb.fr\/boutique\/wp-content\/uploads\/2024\/10\/Savonnerie-artisanale-Marche-2-768x545.jpg 768w, https:\/\/calistudioweb.fr\/boutique\/wp-content\/uploads\/2024\/10\/Savonnerie-artisanale-Marche-2-1536x1090.jpg 1536w, https:\/\/calistudioweb.fr\/boutique\/wp-content\/uploads\/2024\/10\/Savonnerie-artisanale-Marche-2-600x426.jpg 600w, https:\/\/calistudioweb.fr\/boutique\/wp-content\/uploads\/2024\/10\/Savonnerie-artisanale-Marche-2.jpg 1748w\" sizes=\"(max-width: 1024px) 100vw, 1024px\" \/>\t\t\t\t\t\t\t\t\t\t\t\t\t\t\t<\/div>\n\t\t\t\t<\/div>\n\t\t\t\t<\/div>\n\t\t\t\t<\/div>\n\t\t\t\t\t<\/div>\n\t\t\t\t<\/div>\n\t\t\t\t<\/div>\n\t\t","protected":false},"excerpt":{"rendered":"<p>OBIALICE, Savonnerie artisanale Savons &amp; cosm\u00e9tiques naturels fabriqu\u00e9s artisanalement en Occitanie La nature au coeur de vous D\u00e9couvrez mes cosm\u00e9tiques Savons et shampoings saponifi\u00e9s \u00e0 froid, cosm\u00e9tiques naturels A quelques kilom\u00e8tres de Montpellier , c&rsquo;est au c\u0153ur de Frontignan dans l&rsquo;H\u00e9rault, que je fabrique \u00e0 la main et le plus naturellement possible mes savons et [&hellip;]<\/p>\n","protected":false},"author":1,"featured_media":0,"parent":0,"menu_order":0,"comment_status":"closed","ping_status":"closed","template":"elementor_header_footer","meta":{"footnotes":""},"class_list":["post-74","page","type-page","status-publish","hentry","entry","owp-thumbs-layout-horizontal","owp-btn-normal","owp-tabs-layout-horizontal","has-no-thumbnails","has-product-nav"],"_links":{"self":[{"href":"https:\/\/calistudioweb.fr\/boutique\/wp-json\/wp\/v2\/pages\/74","targetHints":{"allow":["GET"]}}],"collection":[{"href":"https:\/\/calistudioweb.fr\/boutique\/wp-json\/wp\/v2\/pages"}],"about":[{"href":"https:\/\/calistudioweb.fr\/boutique\/wp-json\/wp\/v2\/types\/page"}],"author":[{"embeddable":true,"href":"https:\/\/calistudioweb.fr\/boutique\/wp-json\/wp\/v2\/users\/1"}],"replies":[{"embeddable":true,"href":"https:\/\/calistudioweb.fr\/boutique\/wp-json\/wp\/v2\/comments?post=74"}],"version-history":[{"count":9,"href":"https:\/\/calistudioweb.fr\/boutique\/wp-json\/wp\/v2\/pages\/74\/revisions"}],"predecessor-version":[{"id":102,"href":"https:\/\/calistudioweb.fr\/boutique\/wp-json\/wp\/v2\/pages\/74\/revisions\/102"}],"wp:attachment":[{"href":"https:\/\/calistudioweb.fr\/boutique\/wp-json\/wp\/v2\/media?parent=74"}],"curies":[{"name":"wp","href":"https:\/\/api.w.org\/{rel}","templated":true}]}}